{"id":605,"date":"2014-02-16T19:19:22","date_gmt":"2014-02-16T18:19:22","guid":{"rendered":"https:\/\/www.begravenintilburg.nl\/?page_id=605"},"modified":"2021-07-06T14:49:36","modified_gmt":"2021-07-06T13:49:36","slug":"605-2","status":"publish","type":"page","link":"https:\/\/www.begravenintilburg.nl\/?page_id=605","title":{"rendered":"Verordening"},"content":{"rendered":"<h2>H1 BEGRIPSOMSCRIJVINGEN<\/h2>\n<p><span style=\"color: #0000ff;\">&#8220;artikel 1 Begripsomschrijvingen&#8221;<\/span><br \/>\nDeze verordening verstaat onder: begraafplaats: Centrale Begraafplaats West.<\/p>\n<ul>\n<li>eigen graf: een graf, grafkelder daaronder begrepen, waarvoor aan een natuurlijk of rechtspersoon het uitsluitend recht is verleend tot het doen begraven van lijken of het plaatsen van asbussen;<\/li>\n<li>algemeen graf: een graf dat bij de gemeente in beheer is en waarin eenieder de gelegenheid wordt geboden tot het doen begraven van lijken;<\/li>\n<li>eigen urnengraf: een graf waarvoor aan een natuurlijk of rechtspersoon het uitsluitend recht is verleend tot het doen plaatsen van asbussen;<\/li>\n<li>urn: een voorwerp ter berging van een of meer asbussen;<\/li>\n<li>asbus: een bus ter berging van as van een overledene;<\/li>\n<li>grafbedekking: gedenkteken en grafbeplanting op een graf;<\/li>\n<li>beheerder: de ambtenaar die belast is met de dagelijkse leiding van de begraafplaatsen, of degene die hem vervangt;<\/li>\n<li>rechthebbende: de natuurlijke of rechtspersoon aan wie een uitsluitend recht op een graf is verleend.<\/li>\n<\/ul>\n<h2>&nbsp;<\/h2>\n<h2>H2 OPENSTELLING, ORDE, RUST BEGRAAFPLAATS<\/h2>\n<p><span style=\"color: #0000ff;\">&#8220;artikel 2 Openstelling begraafplaats&#8221;<\/span><br \/>\nDe begraafplaatsen zijn voor een ieder dagelijks toegankelijk gedurende de door burgemeester en Wethouders bij nadere regels vast te stellen tijden. Zij maken deze tijden openbaar bekend. Ter handhaving van de orde en rust op de begraafplaatsen kunnen de toegangen tijdelijk worden gesloten. Het is verboden gedurende de tijd dat de begraafplaatsen niet voor het publiek geopend zijn, zich daarop te bevinden, anders dan voor het bijwonen van een begrafenis of de bezorging van as.<\/p>\n<p><span style=\"color: #0000ff;\">&#8220;artikel 3 Werkzaamheden&#8221;<\/span><br \/>\nHet is verboden, anders dan met toestemming van burgemeester en wethouders, werkzaamheden voor derden aan grafbedekkingen op de begraafplaatsen te verrichten<\/p>\n<p><span style=\"color: #0000ff;\">&#8220;artikel 4 Herdenkingen\/onthullingen gedenktekens&#8221;<\/span><br \/>\nDodenherdenkingen, onthullingen van gedenktekens en dergelijke plechtigheden op de begraafplaats moeten vijf dagen van te voren worden gemeld aan de beheerder onder opgave van datum en uur van de plechtigheid en de wijze waarop de plechtigheid zal plaatsvinden. De deelnemers aan de plechtigheid, bedoeld in het eerste lid moeten zich in het belang van de orde, rust en netheid houden aan de aanwijzingen van de beheerder.<\/p>\n<h4>&nbsp;<\/h4>\n<h2>H3 VOORSCHRIFTEN VOOR LIJKBEZORGING<\/h2>\n<p><span style=\"color: #0000ff;\">&#8220;artikel 5 Kennisgeving begraven, delven\/sluiten van een graf&#8221;<\/span><br \/>\nDegene die wil doen begraven geeft daarvan uiterlijk om 12.00 uur van de werkdag voorafgaande aan die waarop de begraving zal plaatsvinden schriftelijk kennis aan de beheerder. De beheerder bepaalt het moment van begraving. Indien de burgemeester toestemming heeft gegeven om het lijk binnen 36 uur na het overlijden te begraven moet de kennisgeving zo tijdig mogelijk worden gedaan. De zaterdag geldt voor de toepassing van deze bepaling niet als werkdag.<\/p>\n<p><span style=\"color: #0000ff;\">&#8220;artikel 6 Over te leggen stukken&#8221;<\/span><br \/>\nBegraving mag slechts geschieden indien van te voren het verlof tot begraven of de toestemming tot het plaatsen van een asbus is overgelegd aan de beheerder. Begraving in een graf waarvan de uitgiftetermijn binnen de wettelijke minimum grafrusttermijn afloopt, kan alleen plaatsvinden onder gelijktijdige verlenging van de uitgiftetermijn met een zodanige periode dat de alsdan resterende uitgiftetermijn tenminste gelijk is aan de wettelijke grafrusttermijn. De verlenging dient te worden aangevraagd door de rechthebbende of, indien deze is overleden, door een van de andere personen, genoemd in artikel 16, tweede lid.<br \/>\nDe in het vorige lid bedoelde periode van verlenging wordt naar boven toe afgerond op hele jaren.<\/p>\n<p><span style=\"color: #0000ff;\">\u201cartikel 7 Tijden van begraven&#8221;<\/span><br \/>\nVoor het begraven wordt gelegenheid geboden van maandag tot en met vrijdag tussen 8.00 en 15.00 uur, en op zaterdag tussen 10.00 en 13.00 uur, met uitzondering van algemeen erkende feestdagen.<br \/>\nBurgemeester en wethouders kunnen in bijzondere gevallen van deze tijden afwijken.<\/p>\n<h4>&nbsp;<\/h4>\n<h2><strong>H4 INDELING EN UITGIFTE DER GRAVEN<\/strong><\/h2>\n<p><span style=\"color: #0000ff;\">&#8220;artikel 8 Indeling begraafplaats&#8221;<\/span><br \/>\nOp de begraafplaats wordt op verzoek gelegenheid gegeven tot het begraven op het Rooms-Katholiek gedeelte, het Islamitisch gedeelte of op het algemeen gedeelte.<\/p>\n<p><span style=\"color: #0000ff;\">&#8220;artikel 9 Indeling graven&#8221;<\/span><br \/>\nOp de begraafplaatsen wordt op verzoek gelegenheid gegeven tot:<br \/>\n&#8211; het begraven van lijken in algemene graven;<br \/>\n&#8211; het begraven van lijken en het plaatsen van asbussen met of zonder urn in eigen graven.<br \/>\nDe algemene graven worden onderscheiden in:<br \/>\n&#8211; standaardgraven;<br \/>\n&#8211; graven voor levenloos geborenen.<br \/>\nDe eigen graven worden onderscheiden in:<br \/>\na. bijzondere graven;<br \/>\nb. graven eerste klasse;<br \/>\nc. graven tweede klasse;<br \/>\nd. kindergraven;<br \/>\ne. urnengraven.<\/p>\n<p><span style=\"color: #0000ff;\">&#8220;artikel 10 Grafafmetingen&#8221;<\/span><br \/>\nBurgemeester en wethouders stellen nadere regels met betrekking tot de afmetingen van de graven.<\/p>\n<p><span style=\"color: #0000ff;\">&#8220;artikel 11 Grafkelder&#8221;<\/span><br \/>\nBurgemeester en wethouders kunnen aan de rechthebbende op een bijzonder graf vergunning verlenen tot het daarin voor eigen rekening doen aanbrengen van een grafkelder overeenkomstig de door hen te stellen voorwaarden.<\/p>\n<p><span style=\"color: #0000ff;\">&#8220;artikel 12 Aantal overledenen in graven&#8221;<\/span><br \/>\nIn een graf mogen niet meer dan twee lijken worden begraven. Op verzoek wordt in een graf waarin \u00e9\u00e9n of twee lijken zijn begraven gelegenheid gegeven tot het plaatsen van \u00e9\u00e9n asbus. In een eigen urnengraf mogen niet meer dan drie asbussen worden geplaatst. In bijzondere gevallen kunnen burgemeester en wethouders afwijken van het bepaalde in de voorgaande leden<\/p>\n<p><span style=\"color: #0000ff;\">&#8220;artikel 13 Volgorde van uitgifte&#8221;<\/span><br \/>\nDe graven worden slechts op het moment van begraving en in volgorde van ligging uitgegeven. Burgemeester en wethouders kunnen een graf toewijzen anders dan op het moment van begraving en buiten de volgorde van ligging, mits dit wegens de situatie op de begraafplaats niet bezwaarlijk is.<\/p>\n<p><span style=\"color: #0000ff;\">&#8220;artikel 14 Termijnen van graven&#8221;<\/span><br \/>\nBurgemeester en wethouders verlenen, voor zover de daartoe bestemde ruimte van de begraafplaatsen zulks toelaat, op een daartoe bij hen schriftelijk in te dienen aanvraag, het recht op een eigen graf.<br \/>\nHet recht op een eigen graf wordt verleend voor de termijn van twintig jaar, met uitzondering van het recht op een bijzonder graf dat voor dertig jaar wordt verleend.<br \/>\nDe in het tweede lid genoemde termijn vangt aan op de datum waarop het graf is uitgegeven.<br \/>\nHet recht op een eigen graf wordt op verzoek van de rechthebbende telkens met een termijn van tien jaren verlengd. Het verzoek dient voor het verstrijken van de lopende termijn te worden ingediend.<br \/>\nEen recht als bedoeld in het eerste lid kan slechts aan \u00e9\u00e9n rechthebbende worden verleend ten behoeve van zichzelf en voor de personen genoemd in artikel 16 eerste lid. Verlening van het recht ten behoeve van een ander is slechts mogelijk indien daarvoor gewichtige redenen bestaan.<\/p>\n<p><span style=\"color: #0000ff;\">&#8220;artikel 15 Grafrechten&#8221;<\/span><br \/>\nVoor eigen graven worden grafrechten geheven overeenkomstig hetgeen daaromtrent is bepaald in de Verordening begraafplaatsrechten.<\/p>\n<p><span style=\"color: #0000ff;\">&#8220;artikel 16 Overschrijving van verleende rechten&#8221;<\/span><br \/>\nBurgemeester en wethouders kunnen het recht op een graf op schriftelijk verzoek van de rechthebbende overschrijven ten name van de echtgenoot of levenspartner dan wel een bloedverwant of aanverwant tot en met de derde graad. Overschrijving op verzoek van de rechthebbende ten name van een ander dan de vorengenoemde personen is slechts mogelijk, indien daarvoor gewichtige redenen bestaan.<br \/>\nNa het overlijden van de rechthebbende kan het graf worden overgeschreven op naam van de echtgenoot of levenspartner dan wel een bloedverwant of aanverwant tot en met de derde graad, mits het verzoek hiertoe schriftelijk wordt gedaan binnen een jaar na het overlijden van de rechthebbende. Overschrijving ten name van een ander dan de in de vorige zin bedoelde personen is slechts mogelijk, indien daarvoor gewichtige redenen bestaan. Indien na het overlijden van de rechthebbende het schriftelijk verzoek tot overschrijving aan burgemeester en wethouders niet wordt gedaan binnen de in het tweede lid van dit artikel gestelde termijn zijn de burgemeester en wethouders bevoegd het recht op het graf te doen vervallen.<\/p>\n<p><span style=\"color: #0000ff;\">&#8220;artikel 17 Afstand doen van graven&#8221;<\/span><br \/>\nZonder aanspraak te kunnen maken op enige vergoeding kan de rechthebbende schriftelijk afstand doen ten behoeve van de gemeente van het recht op het graf.<\/p>\n<p>&nbsp;<\/p>\n<h2><strong>H5 Grafbedekkingen<\/strong><\/h2>\n<p><span style=\"color: #0000ff;\">&#8220;artikel 18 Vergunning gedenkteken&#8221;<\/span><br \/>\nVoor het plaatsen van een gedenkteken op een graf is een vergunning nodig van burgemeester en wethouders.<br \/>\nBurgemeester en wethouders kunnen nadere regels stellen omtrent de aard en afmetingen, alsmede omtrent de wijze van aanbrengen van de gedenktekens.<br \/>\nBurgemeester en wethouders kunnen de vergunning weigeren indien:<\/p>\n<ol>\n<li>niet voldaan wordt aan de door hen vastgestelde nadere regels;<\/li>\n<li>het grafteken afbreuk doet aan het aanzien van de begraafplaats;<\/li>\n<li>de duurzaamheid van de materialen onvoldoende is;<\/li>\n<li>de constructie van het grafteken ondeugdelijk is.<br \/>\nVoor het plaatsen van een gedenkteken op een graf worden rechten geheven overeenkomstig het bepaalde in de Verordening begraafplaatsrechten.<\/li>\n<\/ol>\n<p><span style=\"color: #0000ff;\">&#8220;artikel 19 Grafbeplanting&#8221;<\/span><br \/>\nBurgemeester en wethouders kunnen nadere regels stellen omtrent het aanbrengen van grafbeplanting.<br \/>\nBeplantingen op een graf die in een verwaarloosde staat verkeren kunnen door de beheerder worden verwijderd zonder dat aanspraak kan worden gemaakt op schadevergoeding. Losse bloemen, planten, kransen en dergelijke kunnen, wanneer zij verwelkt zijn, door de beheerder worden verwijderd.<\/p>\n<p><span style=\"color: #0000ff;\">&#8220;artikel 20 Verwijderen grafbedekking&#8221;<\/span><br \/>\nNa het vervallen van een recht op een graf dient de rechthebbende de grafbedekking binnen vier weken van het graf te verwijderen.<br \/>\nVerwijdering van de grafbedekking dient te geschieden op aanwijzing en onder toezicht van de beheerder. De beheerder dient tenminste een dag van tevoren op de hoogte te worden gesteld van het voornemen tot verwijdering van de grafbedekking.<br \/>\nIndien verwijdering van de grafbedekking achterwege blijft, geschiedt verwijdering van gemeentewege. De rechthebbende kan in dit geval geen aanspraak maken op het afkomend materiaal of op een vergoeding daarvoor.<\/p>\n<p><span style=\"color: #0000ff;\">&#8220;artikel 21 Onderhoud door de rechthebbende&#8221;<\/span><br \/>\nDe rechthebbende is verplicht het grafteken behoorlijk te onderhouden of te herstellen. Hieronder wordt mede begrepen het waterpas stellen van graftekens.<br \/>\nIndien hij nalaat het grafteken behoorlijk te onderhouden of te herstellen, kunnen burgemeesters en wethouders de hiervoor in aanmerking komende voorwerpen doen verwijderen. Het verwijderde blijft gedurende twaalf weken ter beschikking van de rechthebbende en vervalt daarna aan de gemeente, zonder dat deze tot enige vergoeding is verplicht.<br \/>\nDe verwijdering vindt niet eerder plaats dan nadat de rechthebbende overeenkomstig het bepaalde in artikel 28 vierde lid van de Wet op de lijkbezorging op de verwaarlozing van het graf is gewezen`.<\/p>\n<p><span style=\"color: #0000ff;\">&#8220;artikel 22 Onderhoud door de gemeente&#8221;<\/span><br \/>\nBurgemeester en wethouders voorzien in het algemeen onderhoud van de begraafplaatsen, alsmede het onderhouden van de graven, met uitzondering van de graftekenen en grafkelders.<br \/>\nVoor het onderhouden van de graven worden rechten geheven overeenkomstig het bepaalde in de Verordening begraafplaatsrechten.<\/p>\n<p>&nbsp;<\/p>\n<h2><strong>H6 Ruiming van graven<\/strong><\/h2>\n<p><span style=\"color: #0000ff;\">&#8220;artikel 23 Ruiming, bezorging overblijfselen en as&#8221;<\/span><br \/>\nHet voornemen van burgemeester en wethouders om graven te ruimen wordt gedurende ten minste een jaar voorafgaande aan het tijdstip waarop de graven geruimd zullen worden, door middel van een algemene mededeling op de begraafplaats bekend gemaakt.<br \/>\nHet in het eerste lid bedoelde voornemen wordt bovendien tenminste 12 weken voor de ruiming bekend gemaakt in een regionaal verschijnend dag- of weekblad.<br \/>\nDe bij de ruiming van het graf nog aanwezige overblijfselen van lijken worden begraven op een van de daartoe bestemde afgesloten gedeelten van de begraafplaats, tenzij door de rechthebbende op het graf &#8211; of bij een algemeen graf de nabestaanden &#8211; een verzoek is gedaan tot alsnog cremeren van de overblijfselen.<br \/>\nVan de bij de ruiming van het graf aanwezige asbussen wordt de betreffende as verstrooid, tenzij door de rechthebbende op het graf &#8211; of bij een algemeen graf de nabestaanden &#8211; een verzoek is gedaan om de asbus elders te begraven.<\/p>\n<h4>&nbsp;<\/h4>\n<h2><strong>H7 Gedeelte voor kerkgenootschap<\/strong><\/h2>\n<p><span style=\"color: #0000ff;\">&#8220;artikel 24 Kerkgenootschap&#8221;<\/span><br \/>\nBurgemeester en wethouders kunnen na overleg met het bestuur van een kerkgenootschap een gedeelte van de begraafplaats reserveren voor het betreffende kerkgenootschap.<br \/>\nHet bepaalde in deze verordening is eveneens van toepassing voor de gedeelten op de begraafplaats welke zijn bestemd voor een kerkgenootschap.<\/p>\n","protected":false},"excerpt":{"rendered":"<p>H1 BEGRIPSOMSCRIJVINGEN &#8220;artikel 1 Begripsomschrijvingen&#8221; Deze verordening verstaat onder: begraafplaats: Centrale Begraafplaats West. eigen graf: een graf, grafkelder daaronder begrepen, waarvoor aan een natuurlijk of rechtspersoon het uitsluitend recht is verleend tot het doen begraven van lijken of het plaatsen van asbussen; algemeen graf:&#8230;<\/p>\n","protected":false},"author":1,"featured_media":0,"parent":0,"menu_order":0,"comment_status":"closed","ping_status":"open","template":"","meta":{"_cbd_carousel_blocks":"[]","footnotes":""},"class_list":["post-605","page","type-page","status-publish","hentry"],"_links":{"self":[{"href":"https:\/\/www.begravenintilburg.nl\/index.php?rest_route=\/wp\/v2\/pages\/605","targetHints":{"allow":["GET"]}}],"collection":[{"href":"https:\/\/www.begravenintilburg.nl\/index.php?rest_route=\/wp\/v2\/pages"}],"about":[{"href":"https:\/\/www.begravenintilburg.nl\/index.php?rest_route=\/wp\/v2\/types\/page"}],"author":[{"embeddable":true,"href":"https:\/\/www.begravenintilburg.nl\/index.php?rest_route=\/wp\/v2\/users\/1"}],"replies":[{"embeddable":true,"href":"https:\/\/www.begravenintilburg.nl\/index.php?rest_route=%2Fwp%2Fv2%2Fcomments&post=605"}],"version-history":[{"count":237,"href":"https:\/\/www.begravenintilburg.nl\/index.php?rest_route=\/wp\/v2\/pages\/605\/revisions"}],"predecessor-version":[{"id":4247,"href":"https:\/\/www.begravenintilburg.nl\/index.php?rest_route=\/wp\/v2\/pages\/605\/revisions\/4247"}],"wp:attachment":[{"href":"https:\/\/www.begravenintilburg.nl\/index.php?rest_route=%2Fwp%2Fv2%2Fmedia&parent=605"}],"curies":[{"name":"wp","href":"https:\/\/api.w.org\/{rel}","templated":true}]}}